{"id":269,"date":"2023-05-24T11:22:13","date_gmt":"2023-05-24T11:22:13","guid":{"rendered":"https:\/\/www.comsitex.es\/claroscarvajal\/?page_id=269"},"modified":"2023-06-02T09:27:19","modified_gmt":"2023-06-02T09:27:19","slug":"jesus-munoz","status":"publish","type":"page","link":"https:\/\/www.claroscarvajal.es\/?page_id=269","title":{"rendered":"Jesus Mu\u00f1oz"},"content":{"rendered":"<div>\n<p>        <img decoding=\"async\" src=\"\/wp-content\/uploads\/2023\/05\/cabesito.jpg\" alt=\"\"><\/p>\n<h3>Jes\u00fas Mu\u00f1oz Carvajal<\/h3>\n<div>\n<ul>\n<li>Director del \u00c1rea de Consultor\u00eda y Auditor\u00eda<\/li>\n<li>Auditor de cuentas inscrito en el ROAC con el n\u00famero 22.076, en situaci\u00f3n de ejerciente<\/li>\n<li>Licenciado en Ciencias Econ\u00f3micas y Empresariales (Universidad Complutense de Madrid)<\/li>\n<li>M\u00e1ster en tributaci\u00f3n y asesor\u00eda fiscal (Instituto de Estudio Superiores de la Fundaci\u00f3n San Pablo-CEU)<\/li>\n<li>Miembro del REA, del REC y del Colegio de Economistas de Extremadura.<\/li>\n<li>mail: jesus@sectorconsultoria.es<\/li>\n<\/ul>\n<\/div>\n<\/div>\n<div>\n<p>        <img decoding=\"async\" src=\"\/wp-content\/uploads\/2023\/05\/cabesito.jpg\" alt=\"\"><\/p>\n<h3>Jes\u00fas Mu\u00f1oz Carvajal<\/h3>\n<\/div>\n<div>\n<ul>\n<li>\n<p>Director del \u00c1rea de Consultor\u00eda y Auditor\u00eda<\/p>\n<\/li>\n<li>\n<p>Auditor de cuentas inscrito en el ROAC con el n\u00famero 22.076, en situaci\u00f3n de ejerciente<\/p>\n<\/li>\n<li>\n<p>Licenciado en Ciencias Econ\u00f3micas y Empresariales (Universidad Complutense de Madrid)<\/p>\n<\/li>\n<li>\n<p>M\u00e1ster en tributaci\u00f3n y asesor\u00eda fiscal (Instituto de Estudio Superiores de la Fundaci\u00f3n San Pablo-CEU)<\/p>\n<\/li>\n<li>\n<p>Miembro del REA, del REC y del Colegio de Economistas de Extremadura.<\/p>\n<\/li>\n<li>\n<p>mail: jesus@sectorconsultoria.es<\/p>\n<\/li>\n<\/ul>\n<\/div>\n<p><!--more--><br \/>\n<!-- {\"type\":\"layout\",\"children\":[{\"type\":\"section\",\"props\":{\"image_position\":\"center-center\",\"padding\":\"xsmall\",\"padding_remove_bottom\":true,\"style\":\"default\",\"title_breakpoint\":\"xl\",\"title_position\":\"top-left\",\"title_rotation\":\"left\",\"vertical_align\":\"middle\",\"width\":\"\"},\"children\":[{\"type\":\"row\",\"children\":[{\"type\":\"column\",\"props\":{\"image_position\":\"center-center\",\"position_sticky_breakpoint\":\"m\"},\"children\":[{\"type\":\"overlay\",\"props\":{\"content\":\"\n\n<ul>\\n\n\n<li>Director del \\u00c1rea de Consultor\\u00eda y Auditor\\u00eda<\\\/li>\\n\n\n<li>Auditor de cuentas inscrito en el ROAC con el n\\u00famero 22.076, en situaci\\u00f3n de ejerciente<\\\/li>\\n\n\n<li>Licenciado en Ciencias Econ\\u00f3micas y Empresariales (Universidad Complutense de Madrid)<\\\/li>\\n\n\n<li>M\\u00e1ster en tributaci\\u00f3n y asesor\\u00eda fiscal (Instituto de Estudio Superiores de la Fundaci\\u00f3n San Pablo-CEU)<\\\/li>\\n\n\n<li>Miembro del REA, del REC y del Colegio de Economistas de Extremadura.<\\\/li>\\n\n\n<li>mail: jesus@sectorconsultoria.es<\\\/li>\\n<\\\/ul>\",\"image\":\"wp-content\\\/uploads\\\/2023\\\/05\\\/cabesito.jpg\",\"link_style\":\"default\",\"link_text\":\"Read more\",\"margin\":\"default\",\"meta_align\":\"below-title\",\"meta_element\":\"div\",\"meta_style\":\"text-meta\",\"overlay_hover\":false,\"overlay_mode\":\"cover\",\"overlay_position\":\"center-right\",\"overlay_style\":\"overlay-primary\",\"overlay_transition\":\"fade\",\"text_align\":\"left\",\"text_color\":\"light\",\"title\":\"Jes\\u00fas Mu\\u00f1oz Carvajal\",\"title_element\":\"h3\",\"title_font_family\":\"secondary\",\"title_hover_style\":\"reset\",\"title_style\":\"h1\",\"visibility\":\"s\"}},{\"type\":\"overlay\",\"props\":{\"content\":\"\",\"image\":\"wp-content\\\/uploads\\\/2023\\\/05\\\/cabesito.jpg\",\"link_style\":\"default\",\"link_text\":\"Read more\",\"margin\":\"default\",\"meta_align\":\"below-title\",\"meta_element\":\"div\",\"meta_style\":\"text-meta\",\"overlay_hover\":false,\"overlay_mode\":\"cover\",\"overlay_position\":\"center-right\",\"overlay_style\":\"overlay-primary\",\"overlay_transition\":\"fade\",\"text_align\":\"left\",\"text_color\":\"light\",\"title\":\"Jes\\u00fas Mu\\u00f1oz Carvajal\",\"title_element\":\"h3\",\"title_font_family\":\"secondary\",\"title_hover_style\":\"reset\",\"title_style\":\"h3\",\"visibility\":\"hidden-l\"}},{\"type\":\"text\",\"props\":{\"column_breakpoint\":\"m\",\"content\":\"\n\n<ul>\\n\n\n<li>\\n\n\n<p>Director del \\u00c1rea de Consultor\\u00eda y Auditor\\u00eda<\\\/p>\\n<\\\/li>\\n\n\n<li>\\n\n\n<p>Auditor de cuentas inscrito en el ROAC con el n\\u00famero 22.076, en situaci\\u00f3n de ejerciente<\\\/p>\\n<\\\/li>\\n\n\n<li>\\n\n\n<p>Licenciado en Ciencias Econ\\u00f3micas y Empresariales (Universidad Complutense de Madrid)<\\\/p>\\n<\\\/li>\\n\n\n<li>\\n\n\n<p>M\\u00e1ster en tributaci\\u00f3n y asesor\\u00eda fiscal (Instituto de Estudio Superiores de la Fundaci\\u00f3n San Pablo-CEU)<\\\/p>\\n<\\\/li>\\n\n\n<li>\\n\n\n<p>Miembro del REA, del REC y del Colegio de Economistas de Extremadura.<\\\/p>\\n<\\\/li>\\n\n\n<li>\\n\n\n<p>mail: jesus@sectorconsultoria.es<\\\/p>\\n<\\\/li>\\n<\\\/ul>\",\"margin\":\"default\",\"visibility\":\"hidden-l\"}}]}]}]}],\"version\":\"4.0.4\"} --><\/p>\n","protected":false},"excerpt":{"rendered":"<p>Jes\u00fas Mu\u00f1oz Carvajal Director del \u00c1rea de Consultor\u00eda y Auditor\u00eda Auditor de cuentas inscrito en el ROAC con el n\u00famero 22.076, en situaci\u00f3n de ejerciente Licenciado en Ciencias Econ\u00f3micas y Empresariales (Universidad Complutense de Madrid) M\u00e1ster en tributaci\u00f3n y asesor\u00eda fiscal (Instituto de Estudio Superiores de la Fundaci\u00f3n San Pablo-CEU) Miembro del REA, del REC [&hellip;]<\/p>\n","protected":false},"author":1,"featured_media":0,"parent":0,"menu_order":0,"comment_status":"closed","ping_status":"closed","template":"","meta":{"footnotes":""},"class_list":["post-269","page","type-page","status-publish","hentry"],"_links":{"self":[{"href":"https:\/\/www.claroscarvajal.es\/index.php?rest_route=\/wp\/v2\/pages\/269","targetHints":{"allow":["GET"]}}],"collection":[{"href":"https:\/\/www.claroscarvajal.es\/index.php?rest_route=\/wp\/v2\/pages"}],"about":[{"href":"https:\/\/www.claroscarvajal.es\/index.php?rest_route=\/wp\/v2\/types\/page"}],"author":[{"embeddable":true,"href":"https:\/\/www.claroscarvajal.es\/index.php?rest_route=\/wp\/v2\/users\/1"}],"replies":[{"embeddable":true,"href":"https:\/\/www.claroscarvajal.es\/index.php?rest_route=%2Fwp%2Fv2%2Fcomments&post=269"}],"version-history":[{"count":16,"href":"https:\/\/www.claroscarvajal.es\/index.php?rest_route=\/wp\/v2\/pages\/269\/revisions"}],"predecessor-version":[{"id":343,"href":"https:\/\/www.claroscarvajal.es\/index.php?rest_route=\/wp\/v2\/pages\/269\/revisions\/343"}],"wp:attachment":[{"href":"https:\/\/www.claroscarvajal.es\/index.php?rest_route=%2Fwp%2Fv2%2Fmedia&parent=269"}],"curies":[{"name":"wp","href":"https:\/\/api.w.org\/{rel}","templated":true}]}}