{"id":280,"date":"2023-05-24T11:32:07","date_gmt":"2023-05-24T11:32:07","guid":{"rendered":"https:\/\/www.comsitex.es\/claroscarvajal\/?page_id=280"},"modified":"2023-06-02T09:26:36","modified_gmt":"2023-06-02T09:26:36","slug":"jose-felix","status":"publish","type":"page","link":"https:\/\/www.claroscarvajal.es\/?page_id=280","title":{"rendered":"Jose Felix"},"content":{"rendered":"<div>\n<p>        <img decoding=\"async\" src=\"\/wp-content\/uploads\/2023\/05\/cabefelix.jpg\" alt=\"\"><\/p>\n<h3>Jos\u00e9 F\u00e9lix Pav\u00f3n Claros<\/h3>\n<div>\n<ul>\n<li>Gerente y Director del \u00c1rea de Contabilidad y Tributaci\u00f3n<\/li>\n<li>Licenciado en Ciencias Econ\u00f3micas y Empresariales (Universidad Alcal\u00e1 de Henares)<\/li>\n<li>M\u00e1ster en Auditor\u00eda de Cuentas (Universidad de Vic \u2013 ESERP Business School)<\/li>\n<li>Miembro del REC, del REAF y del Colegio de Economistas de Extremadura.<\/li>\n<li><strong>mail: felix@sectorconsultoria.es<\/strong><\/li>\n<\/ul>\n<\/div>\n<\/div>\n<div>\n<p>        <img decoding=\"async\" src=\"\/wp-content\/uploads\/2023\/05\/cabefelix.jpg\" alt=\"\"><\/p>\n<h3>Jos\u00e9 F\u00e9lix Pav\u00f3n Claros<\/h3>\n<\/div>\n<div>\n<ul>\n<li>Gerente y Director del \u00c1rea de Contabilidad y Tributaci\u00f3n<\/li>\n<li>Licenciado en Ciencias Econ\u00f3micas y Empresariales (Universidad Alcal\u00e1 de Henares)<\/li>\n<li>M\u00e1ster en Auditor\u00eda de Cuentas (Universidad de Vic \u2013 ESERP Business School)<\/li>\n<li>Miembro del REC, del REAF y del Colegio de Economistas de Extremadura.<\/li>\n<li><strong>mail: felix@sectorconsultoria.es<\/strong><\/li>\n<\/ul>\n<\/div>\n<p><!--more--><br \/>\n<!-- {\"type\":\"layout\",\"children\":[{\"type\":\"section\",\"props\":{\"image_position\":\"center-center\",\"padding\":\"xsmall\",\"padding_remove_bottom\":true,\"padding_remove_top\":false,\"style\":\"default\",\"title_breakpoint\":\"xl\",\"title_position\":\"top-left\",\"title_rotation\":\"left\",\"vertical_align\":\"middle\",\"width\":\"\"},\"children\":[{\"type\":\"row\",\"children\":[{\"type\":\"column\",\"props\":{\"image_position\":\"center-center\",\"position_sticky_breakpoint\":\"m\"},\"children\":[{\"type\":\"overlay\",\"props\":{\"content\":\"\n\n<ul>\\n\n\n<li>Gerente y Director del \\u00c1rea de Contabilidad y Tributaci\\u00f3n<\\\/li>\\n\n\n<li>Licenciado en Ciencias Econ\\u00f3micas y Empresariales (Universidad Alcal\\u00e1 de Henares)<\\\/li>\\n\n\n<li>M\\u00e1ster en Auditor\\u00eda de Cuentas (Universidad de Vic \\u2013 ESERP Business School)<\\\/li>\\n\n\n<li>Miembro del REC, del REAF y del Colegio de Economistas de Extremadura.<\\\/li>\\n\n\n<li><strong>mail: felix@sectorconsultoria.es<\\\/strong><\\\/li>\\n<\\\/ul>\",\"image\":\"wp-content\\\/uploads\\\/2023\\\/05\\\/cabefelix.jpg\",\"link_style\":\"default\",\"link_text\":\"Read more\",\"margin\":\"default\",\"meta_align\":\"below-title\",\"meta_element\":\"div\",\"meta_style\":\"text-meta\",\"overlay_hover\":false,\"overlay_mode\":\"cover\",\"overlay_position\":\"center-right\",\"overlay_style\":\"overlay-primary\",\"overlay_transition\":\"fade\",\"text_align\":\"left\",\"text_color\":\"light\",\"title\":\"Jos\\u00e9 F\\u00e9lix Pav\\u00f3n Claros\",\"title_element\":\"h3\",\"title_font_family\":\"secondary\",\"title_hover_style\":\"reset\",\"title_style\":\"h1\",\"visibility\":\"l\"}},{\"type\":\"overlay\",\"props\":{\"content\":\"\",\"image\":\"wp-content\\\/uploads\\\/2023\\\/05\\\/cabefelix.jpg\",\"link_style\":\"default\",\"link_text\":\"Read more\",\"margin\":\"default\",\"meta_align\":\"below-title\",\"meta_element\":\"div\",\"meta_style\":\"text-meta\",\"overlay_hover\":false,\"overlay_mode\":\"cover\",\"overlay_position\":\"center-right\",\"overlay_style\":\"overlay-primary\",\"overlay_transition\":\"fade\",\"text_align\":\"left\",\"text_color\":\"light\",\"title\":\"Jos\\u00e9 F\\u00e9lix Pav\\u00f3n Claros\",\"title_element\":\"h3\",\"title_font_family\":\"secondary\",\"title_hover_style\":\"reset\",\"title_style\":\"h3\",\"visibility\":\"hidden-l\"}},{\"type\":\"text\",\"props\":{\"column_breakpoint\":\"m\",\"content\":\"\n\n<ul>\\n\n\n<li>Gerente y Director del \\u00c1rea de Contabilidad y Tributaci\\u00f3n<\\\/li>\\n\n\n<li>Licenciado en Ciencias Econ\\u00f3micas y Empresariales (Universidad Alcal\\u00e1 de Henares)<\\\/li>\\n\n\n<li>M\\u00e1ster en Auditor\\u00eda de Cuentas (Universidad de Vic \\u2013 ESERP Business School)<\\\/li>\\n\n\n<li>Miembro del REC, del REAF y del Colegio de Economistas de Extremadura.<\\\/li>\\n\n\n<li><strong>mail: felix@sectorconsultoria.es<\\\/strong><\\\/li>\\n<\\\/ul>\",\"margin\":\"default\",\"visibility\":\"hidden-l\"}}]}]}]}],\"version\":\"4.0.4\"} --><\/p>\n","protected":false},"excerpt":{"rendered":"<p>Jos\u00e9 F\u00e9lix Pav\u00f3n Claros Gerente y Director del \u00c1rea de Contabilidad y Tributaci\u00f3n Licenciado en Ciencias Econ\u00f3micas y Empresariales (Universidad Alcal\u00e1 de Henares) M\u00e1ster en Auditor\u00eda de Cuentas (Universidad de Vic \u2013 ESERP Business School) Miembro del REC, del REAF y del Colegio de Economistas de Extremadura. mail: felix@sectorconsultoria.es Jos\u00e9 F\u00e9lix Pav\u00f3n Claros Gerente y [&hellip;]<\/p>\n","protected":false},"author":1,"featured_media":0,"parent":0,"menu_order":0,"comment_status":"closed","ping_status":"closed","template":"","meta":{"footnotes":""},"class_list":["post-280","page","type-page","status-publish","hentry"],"_links":{"self":[{"href":"https:\/\/www.claroscarvajal.es\/index.php?rest_route=\/wp\/v2\/pages\/280","targetHints":{"allow":["GET"]}}],"collection":[{"href":"https:\/\/www.claroscarvajal.es\/index.php?rest_route=\/wp\/v2\/pages"}],"about":[{"href":"https:\/\/www.claroscarvajal.es\/index.php?rest_route=\/wp\/v2\/types\/page"}],"author":[{"embeddable":true,"href":"https:\/\/www.claroscarvajal.es\/index.php?rest_route=\/wp\/v2\/users\/1"}],"replies":[{"embeddable":true,"href":"https:\/\/www.claroscarvajal.es\/index.php?rest_route=%2Fwp%2Fv2%2Fcomments&post=280"}],"version-history":[{"count":14,"href":"https:\/\/www.claroscarvajal.es\/index.php?rest_route=\/wp\/v2\/pages\/280\/revisions"}],"predecessor-version":[{"id":342,"href":"https:\/\/www.claroscarvajal.es\/index.php?rest_route=\/wp\/v2\/pages\/280\/revisions\/342"}],"wp:attachment":[{"href":"https:\/\/www.claroscarvajal.es\/index.php?rest_route=%2Fwp%2Fv2%2Fmedia&parent=280"}],"curies":[{"name":"wp","href":"https:\/\/api.w.org\/{rel}","templated":true}]}}