{"id":7,"date":"2023-01-31T10:02:18","date_gmt":"2023-01-31T10:02:18","guid":{"rendered":"https:\/\/www.comsitex.es\/claroscarvajal\/?page_id=7"},"modified":"2023-06-12T16:08:51","modified_gmt":"2023-06-12T16:08:51","slug":"inicio","status":"publish","type":"page","link":"https:\/\/www.claroscarvajal.es\/","title":{"rendered":"Inicio"},"content":{"rendered":"<div>\n<p>    <img decoding=\"async\" src=\"\/wp-content\/uploads\/2023\/05\/sliderclaros1.jpg\" alt=\"\"><\/p>\n<h3>Claros Carvajal Auditores<\/h3>\n<\/div>\n<div>\n<h2>La auditor\u00eda de cuentas es algo m\u00e1s que el cumplimiento de una obligaci\u00f3n<\/h2>\n<div>\n<p style=\"text-align: justify;\">La auditor\u00eda de cuentas es algo m\u00e1s que el cumplimiento de una obligaci\u00f3n regulada por la \u00a0legislaci\u00f3n mercantil. No s\u00f3lo facilita una evaluaci\u00f3n global y objetiva de los problemas de la empresa, sino que aporta una importante ayuda a la direcci\u00f3n, al evaluar de forma \u00a0independiente los sistemas de organizaci\u00f3n y de administraci\u00f3n de su empresa.<\/p>\n<p style=\"text-align: justify;\">Nuestro conocimiento del \u00e1rea fiscal, contable y financiera de la empresa nos permite \u00a0prestar un servicio integral especializado para adaptarnos a las necesidades de cada cliente.<\/p>\n<p style=\"text-align: justify;\">Por todo ello, orientamos nuestro trabajo para \u00a0generar valor a\u00f1adido a su negocio, buscando, dentro del marco normativo vigente, una \u00a0relaci\u00f3n cercana y colaborativa con nuestros clientes.<\/p>\n<\/div>\n<\/div>\n<p><img decoding=\"async\" src=\"\/wp-content\/uploads\/2023\/05\/FOTOCCAWEB.jpg\" alt=\"\"><\/p>\n<h1>Qui\u00e9nes Somos<\/h1>\n<hr>\n<p><a href=\"\/index.php?page_id=269\"><img decoding=\"async\" src=\"\/wp-content\/uploads\/2023\/05\/sitolarg6.png\" alt=\"\"><\/a><br \/>\n<a href=\"\/index.php?page_id=280\"><img decoding=\"async\" src=\"\/wp-content\/uploads\/2023\/05\/felixlarg5.png\" alt=\"\"><\/a><\/p>\n<h1>Servicios<\/h1>\n<hr>\n<div>\n<p>    <img decoding=\"async\" src=\"\/wp-content\/uploads\/2023\/02\/consult.jpg\" alt=\"\"><\/p>\n<h3>Workspace<\/h3>\n<\/div>\n<h3>Auditor\u00eda de Cuentas<\/h3>\n<div>\n<ul>\n<li>Auditor\u00eda de Cuentas Anuales<\/li>\n<li>Auditor\u00eda de Estados Financieros<\/li>\n<li>Auditor\u00eda de Subvenciones<\/li>\n<li>Auditor\u00eda de Cursos de Formaci\u00f3n<\/li>\n<li>Revisiones Limitadas<\/li>\n<li>Informes Especiales<\/li>\n<li>Implantaci\u00f3n de Sistemas de Control<\/li>\n<\/ul>\n<\/div>\n<p><img decoding=\"async\" src=\"\/wp-content\/uploads\/company-office-01.jpg\" alt=\"\"><\/p>\n<h3>Consultor\u00eda de Negocios<\/h3>\n<div>\n<ul>\n<li>Consultor\u00eda Econ\u00f3mico-Financiera<\/li>\n<li>An\u00e1lisis de Viabilidad<\/li>\n<li>Planes de negocio<\/li>\n<li>Planes de Reestructuraci\u00f3n<\/li>\n<li>Planes de Refinanciaci\u00f3n<\/li>\n<li>Proyectos de Fusi\u00f3n<\/li>\n<li>Seguimiento y control presupuestario<\/li>\n<\/ul>\n<\/div>\n<div>\n<p>    <img decoding=\"async\" src=\"\/wp-content\/uploads\/2023\/02\/otras.jpg\" alt=\"\"><\/p>\n<h3>Workspace<\/h3>\n<\/div>\n<h3>Otros Servicios<\/h3>\n<div>\n<ul>\n<li>Valoraci\u00f3n de empresas<\/li>\n<li>Actuaciones periciales<\/li>\n<li>Presupuestos de tesorer\u00eda<\/li>\n<li>Informes de experto independiente<\/li>\n<li>Asistencia para elaboraci\u00f3n de CC.AA.<\/li>\n<li>Investigaciones contables<\/li>\n<\/ul>\n<\/div>\n<h2>Cons\u00faltanos<\/h2>\n<div>\n<h5>\u00bfTe ayudamos?<br \/>Contacta con nosotros,<br \/>te atenderemos encantados.<\/h5>\n<\/div>\n<ul>\n<li>\n        <a href=\"\/index.php?page_id=216\">Escr\u00edbenos<\/a>\n    <\/li>\n<li>\n        <a href=\"tel:+034927215416\">+034 927 215 416<\/a>\n    <\/li>\n<\/ul>\n<div>\n<p>39.4667,-6.3796<\/p>\n<\/div>\n<p><!--more--><br \/>\n<!-- {\"name\":\"Recreation Room\",\"type\":\"layout\",\"children\":[{\"type\":\"section\",\"props\":{\"image_position\":\"center-center\",\"padding\":\"small\",\"padding_remove_bottom\":true,\"padding_remove_top\":true,\"style\":\"default\",\"title_breakpoint\":\"xl\",\"title_position\":\"top-left\",\"title_rotation\":\"left\",\"vertical_align\":\"middle\",\"width\":\"\"},\"children\":[{\"type\":\"row\",\"children\":[{\"type\":\"column\",\"props\":{\"image_position\":\"center-center\",\"position_sticky_breakpoint\":\"m\"},\"children\":[{\"type\":\"slideshow\",\"props\":{\"link_style\":\"default\",\"link_text\":\"Read more\",\"margin\":\"default\",\"meta_align\":\"below-title\",\"meta_element\":\"div\",\"meta_style\":\"text-meta\",\"nav\":\"dotnav\",\"nav_align\":\"center\",\"nav_breakpoint\":\"s\",\"nav_position\":\"bottom-center\",\"nav_position_margin\":\"medium\",\"overlay_animation\":\"parallax\",\"overlay_position\":\"center\",\"show_content\":true,\"show_link\":true,\"show_meta\":true,\"show_thumbnail\":true,\"show_title\":true,\"slidenav\":\"default\",\"slidenav_breakpoint\":\"s\",\"slidenav_margin\":\"medium\",\"slidenav_outside_breakpoint\":\"xl\",\"slideshow_autoplay\":true,\"slideshow_autoplay_pause\":false,\"slideshow_height\":\"full\",\"slideshow_max_height\":\"400\",\"slideshow_min_height\":300,\"text_color\":\"light\",\"thumbnav_height\":\"75\",\"thumbnav_svg_color\":\"emphasis\",\"thumbnav_width\":\"100\",\"title_element\":\"h3\",\"title_font_family\":\"secondary\",\"title_style\":\"heading-medium\"},\"children\":[{\"type\":\"slideshow_item\",\"props\":{\"image\":\"wp-content\\\/uploads\\\/2023\\\/05\\\/sliderclaros1.jpg\",\"title\":\"Claros Carvajal Auditores\"}}]}]}]}]},{\"name\":\"Company\",\"type\":\"section\",\"props\":{\"animation_delay\":false,\"header_overlay\":\"light\",\"height_viewport\":false,\"image\":\"wp-content\\\/uploads\\\/home-company-bg.jpg\",\"image_effect\":\"parallax\",\"image_parallax_bgy\":\"-100,100\",\"image_parallax_breakpoint\":\"m\",\"image_parallax_easing\":\"1\",\"image_position\":\"center-center\",\"image_size\":\"cover\",\"image_width\":\"1560\",\"padding\":\"small\",\"padding_remove_top\":false,\"style\":\"default\",\"title_breakpoint\":\"xl\",\"title_position\":\"top-left\",\"title_rotation\":\"left\",\"vertical_align\":\"middle\",\"width\":\"small\"},\"children\":[{\"type\":\"row\",\"props\":{\"column_gap\":\"small\",\"layout\":\"1-2,1-2\",\"row_gap\":\"small\",\"vertical_align\":false,\"width\":\"default\"},\"children\":[{\"type\":\"column\",\"props\":{\"image_position\":\"center-center\",\"position_sticky_breakpoint\":\"m\",\"width_medium\":\"1-2\"},\"children\":[{\"type\":\"panel\",\"props\":{\"block_align\":\"center\",\"content\":\"\n\n<p style=\\\"text-align: justify;\\\">La auditor\\u00eda de cuentas es algo m\\u00e1s que el cumplimiento de una obligaci\\u00f3n regulada por la \\u00a0legislaci\\u00f3n mercantil. No s\\u00f3lo facilita una evaluaci\\u00f3n global y objetiva de los problemas de la empresa, sino que aporta una importante ayuda a la direcci\\u00f3n, al evaluar de forma \\u00a0independiente los sistemas de organizaci\\u00f3n y de administraci\\u00f3n de su empresa.<\\\/p>\\n\n\n<p style=\\\"text-align: justify;\\\">Nuestro conocimiento del \\u00e1rea fiscal, contable y financiera de la empresa nos permite \\u00a0prestar un servicio integral especializado para adaptarnos a las necesidades de cada cliente.<\\\/p>\\n\n\n<p style=\\\"text-align: justify;\\\">Por todo ello, orientamos nuestro trabajo para \\u00a0generar valor a\\u00f1adido a su negocio, buscando, dentro del marco normativo vigente, una \\u00a0relaci\\u00f3n cercana y colaborativa con nuestros clientes.<\\\/p>\",\"content_column_breakpoint\":\"m\",\"icon\":\"\",\"icon_width\":80,\"image_align\":\"top\",\"image_grid_breakpoint\":\"m\",\"image_grid_width\":\"1-2\",\"image_svg_color\":\"emphasis\",\"link_style\":\"primary\",\"link_text\":\"Our Company\",\"margin\":\"\",\"maxwidth\":\"large\",\"meta_align\":\"below-title\",\"meta_element\":\"div\",\"meta_style\":\"text-meta\",\"text_align\":\"left\",\"title\":\"La auditor\\u00eda de cuentas es algo m\\u00e1s que el cumplimiento de una obligaci\\u00f3n\",\"title_align\":\"top\",\"title_color\":\"warning\",\"title_element\":\"h2\",\"title_font_family\":\"primary\",\"title_grid_breakpoint\":\"m\",\"title_grid_width\":\"1-2\",\"title_hover_style\":\"reset\",\"title_style\":\"h3\"}}]},{\"type\":\"column\",\"props\":{\"image_position\":\"center-center\",\"position_sticky_breakpoint\":\"m\",\"width_medium\":\"1-2\"}}]}]},{\"type\":\"section\",\"props\":{\"animation\":\"slide-top\",\"id\":\"quienes\",\"image_position\":\"center-center\",\"padding\":\"xsmall\",\"padding_remove_top\":true,\"style\":\"default\",\"title_breakpoint\":\"xl\",\"title_position\":\"top-left\",\"title_rotation\":\"left\",\"vertical_align\":\"middle\",\"width\":\"\"},\"children\":[{\"type\":\"row\",\"children\":[{\"type\":\"column\",\"props\":{\"image_position\":\"center-center\",\"position_sticky_breakpoint\":\"m\",\"vertical_align\":\"middle\"},\"children\":[{\"type\":\"image\",\"props\":{\"image\":\"wp-content\\\/uploads\\\/2023\\\/05\\\/FOTOCCAWEB.jpg\",\"image_svg_color\":\"emphasis\",\"margin\":\"default\",\"text_align\":\"center\"}}]}]}]},{\"name\":\"Quienes Somos\",\"type\":\"section\",\"props\":{\"animation\":\"slide-bottom-medium\",\"animation_delay\":\"200\",\"id\":\"quienes2\",\"image\":\"wp-content\\\/uploads\\\/company-office-bg20.svg\",\"image_effect\":\"parallax\",\"image_parallax_bgy\":\"50,-50\",\"image_parallax_easing\":\"1\",\"image_position\":\"center-center\",\"image_size\":\"contain\",\"media_visibility\":\"m\",\"padding\":\"small\",\"padding_remove_bottom\":false,\"padding_remove_top\":true,\"style\":\"muted\",\"title_breakpoint\":\"xl\",\"title_position\":\"top-left\",\"title_rotation\":\"left\",\"vertical_align\":\"middle\",\"width\":\"default\"},\"children\":[{\"type\":\"row\",\"props\":{\"margin\":\"small\",\"margin_remove_bottom\":false},\"children\":[{\"type\":\"column\",\"props\":{\"image_position\":\"center-center\",\"position_sticky_breakpoint\":\"m\"},\"children\":[{\"type\":\"headline\",\"props\":{\"content\":\"Qui\\u00e9nes Somos\",\"title_color\":\"warning\",\"title_element\":\"h1\"}},{\"type\":\"divider\",\"props\":{\"divider_element\":\"hr\"}}]}]},{\"type\":\"row\",\"props\":{\"layout\":\"1-2,1-2\"},\"children\":[{\"type\":\"column\",\"props\":{\"image_position\":\"center-center\",\"position_sticky_breakpoint\":\"m\",\"width_medium\":\"1-2\"},\"children\":[{\"type\":\"image\",\"props\":{\"image\":\"wp-content\\\/uploads\\\/2023\\\/05\\\/sitolarg6.png\",\"image_box_shadow\":\"large\",\"image_svg_color\":\"emphasis\",\"link\":\"index.php?page_id=269\",\"margin\":\"default\"}}]},{\"type\":\"column\",\"props\":{\"image_position\":\"center-center\",\"position_sticky_breakpoint\":\"m\",\"width_medium\":\"1-2\"},\"children\":[{\"type\":\"image\",\"props\":{\"image\":\"wp-content\\\/uploads\\\/2023\\\/05\\\/felixlarg5.png\",\"image_box_shadow\":\"large\",\"image_svg_color\":\"emphasis\",\"link\":\"index.php?page_id=280\",\"margin\":\"default\"}}]}]}]},{\"name\":\"Servicios\",\"type\":\"section\",\"props\":{\"animation\":\"slide-bottom-medium\",\"animation_delay\":\"200\",\"id\":\"services\",\"image\":\"wp-content\\\/uploads\\\/company-office-bg20.svg\",\"image_effect\":\"parallax\",\"image_parallax_bgy\":\"50,-50\",\"image_parallax_easing\":\"1\",\"image_position\":\"center-center\",\"image_size\":\"contain\",\"media_visibility\":\"m\",\"padding\":\"xsmall\",\"padding_remove_bottom\":false,\"padding_remove_top\":false,\"style\":\"default\",\"title_breakpoint\":\"xl\",\"title_position\":\"top-left\",\"title_rotation\":\"left\",\"vertical_align\":\"middle\",\"width\":\"default\"},\"children\":[{\"type\":\"row\",\"props\":{\"margin\":\"small\",\"margin_remove_bottom\":false},\"children\":[{\"type\":\"column\",\"props\":{\"image_position\":\"center-center\",\"position_sticky_breakpoint\":\"m\"},\"children\":[{\"type\":\"headline\",\"props\":{\"content\":\"Servicios\",\"title_color\":\"warning\",\"title_element\":\"h1\"}},{\"type\":\"divider\",\"props\":{\"divider_element\":\"hr\"}}]}]},{\"type\":\"row\",\"props\":{\"column_gap\":\"large\",\"id\":\"auditoria\",\"layout\":\"2-3,1-3\",\"margin\":\"medium\",\"row_gap\":\"large\",\"vertical_align\":true},\"children\":[{\"type\":\"column\",\"props\":{\"image_position\":\"center-center\",\"position_sticky_breakpoint\":\"m\",\"vertical_align\":\"middle\",\"width_medium\":\"2-3\"},\"children\":[{\"type\":\"slideshow\",\"props\":{\"css\":\".el-item { border-radius: 300px; }\",\"image_width\":\"850\",\"link_style\":\"default\",\"link_text\":\"Read more\",\"margin\":\"default\",\"meta_align\":\"below-title\",\"meta_element\":\"div\",\"meta_style\":\"text-meta\",\"nav\":\"dotnav\",\"nav_align\":\"center\",\"nav_breakpoint\":\"s\",\"nav_position\":\"bottom-center\",\"nav_position_margin\":\"medium\",\"overlay_animation\":\"parallax\",\"overlay_position\":\"center-left\",\"show_content\":true,\"show_link\":true,\"show_meta\":true,\"show_thumbnail\":true,\"show_title\":false,\"slidenav\":\"\",\"slidenav_breakpoint\":\"s\",\"slidenav_margin\":\"medium\",\"slidenav_outside_breakpoint\":\"xl\",\"slideshow_animation\":\"fade\",\"slideshow_autoplay\":true,\"slideshow_autoplay_interval\":\"5\",\"slideshow_autoplay_pause\":true,\"slideshow_min_height\":\"100\",\"text_color\":\"light\",\"thumbnav_height\":\"75\",\"thumbnav_svg_color\":\"emphasis\",\"thumbnav_width\":\"100\",\"title_element\":\"h3\"},\"children\":[{\"type\":\"slideshow_item\",\"props\":{\"image\":\"wp-content\\\/uploads\\\/2023\\\/02\\\/consult.jpg\",\"title\":\"Workspace\"}}]}]},{\"type\":\"column\",\"props\":{\"image_position\":\"center-center\",\"position_sticky_breakpoint\":\"m\",\"vertical_align\":\"middle\",\"width_medium\":\"1-3\"},\"children\":[{\"type\":\"headline\",\"props\":{\"content\":\"Auditor\\u00eda de Cuentas\",\"margin\":\"medium\",\"margin_remove_top\":true,\"text_align\":\"left\",\"text_align_breakpoint\":\"m\",\"text_align_fallback\":\"center\",\"title_element\":\"h3\",\"title_style\":\"h2\"}},{\"type\":\"text\",\"props\":{\"block_align\":\"center\",\"column_breakpoint\":\"m\",\"content\":\"\n\n<ul>\\n\n\n<li>Auditor\\u00eda de Cuentas Anuales<\\\/li>\\n\n\n<li>Auditor\\u00eda de Estados Financieros<\\\/li>\\n\n\n<li>Auditor\\u00eda de Subvenciones<\\\/li>\\n\n\n<li>Auditor\\u00eda de Cursos de Formaci\\u00f3n<\\\/li>\\n\n\n<li>Revisiones Limitadas<\\\/li>\\n\n\n<li>Informes Especiales<\\\/li>\\n\n\n<li>Implantaci\\u00f3n de Sistemas de Control<\\\/li>\\n<\\\/ul>\",\"margin\":\"default\",\"maxwidth\":\"large\",\"maxwidth_breakpoint\":\"s\",\"text_align\":\"left\",\"text_align_breakpoint\":\"m\",\"text_align_fallback\":\"center\"}}]}]},{\"type\":\"row\",\"props\":{\"column_gap\":\"large\",\"id\":\"consultoria\",\"layout\":\"2-3,1-3\",\"margin\":\"xlarge\",\"row_gap\":\"large\",\"vertical_align\":true},\"children\":[{\"type\":\"column\",\"props\":{\"image_position\":\"center-center\",\"position_sticky_breakpoint\":\"m\",\"vertical_align\":\"middle\",\"width_medium\":\"2-3\"},\"children\":[{\"type\":\"image\",\"props\":{\"image\":\"wp-content\\\/uploads\\\/company-office-01.jpg\",\"image_border\":\"pill\",\"image_svg_color\":\"emphasis\",\"image_width\":\"850\",\"margin\":\"default\",\"text_align\":\"center\"}}]},{\"type\":\"column\",\"props\":{\"image_position\":\"center-center\",\"order_first\":\"m\",\"position_sticky_breakpoint\":\"m\",\"vertical_align\":\"middle\",\"width_medium\":\"1-3\"},\"children\":[{\"type\":\"headline\",\"props\":{\"content\":\"Consultor\\u00eda de Negocios\",\"margin\":\"medium\",\"margin_remove_top\":true,\"text_align\":\"left\",\"text_align_breakpoint\":\"m\",\"text_align_fallback\":\"center\",\"title_element\":\"h3\",\"title_style\":\"h2\"}},{\"type\":\"text\",\"props\":{\"block_align\":\"center\",\"column_breakpoint\":\"m\",\"content\":\"\n\n<ul>\\n\n\n<li>Consultor\\u00eda Econ\\u00f3mico-Financiera<\\\/li>\\n\n\n<li>An\\u00e1lisis de Viabilidad<\\\/li>\\n\n\n<li>Planes de negocio<\\\/li>\\n\n\n<li>Planes de Reestructuraci\\u00f3n<\\\/li>\\n\n\n<li>Planes de Refinanciaci\\u00f3n<\\\/li>\\n\n\n<li>Proyectos de Fusi\\u00f3n<\\\/li>\\n\n\n<li>Seguimiento y control presupuestario<\\\/li>\\n<\\\/ul>\",\"margin\":\"default\",\"maxwidth\":\"large\",\"maxwidth_breakpoint\":\"s\",\"text_align\":\"left\",\"text_align_breakpoint\":\"m\",\"text_align_fallback\":\"center\"}}]}]},{\"type\":\"row\",\"props\":{\"column_gap\":\"large\",\"id\":\"otros\",\"layout\":\"2-3,1-3\",\"margin\":\"xlarge\",\"row_gap\":\"large\",\"vertical_align\":true},\"children\":[{\"type\":\"column\",\"props\":{\"image_position\":\"center-center\",\"position_sticky_breakpoint\":\"m\",\"vertical_align\":\"middle\",\"width_medium\":\"2-3\"},\"children\":[{\"type\":\"slideshow\",\"props\":{\"css\":\".el-item { border-radius: 300px; }\",\"image_width\":\"850\",\"link_style\":\"default\",\"link_text\":\"Read more\",\"margin\":\"default\",\"meta_align\":\"below-title\",\"meta_element\":\"div\",\"meta_style\":\"text-meta\",\"nav\":\"dotnav\",\"nav_align\":\"center\",\"nav_breakpoint\":\"s\",\"nav_position\":\"bottom-center\",\"nav_position_margin\":\"medium\",\"overlay_animation\":\"parallax\",\"overlay_position\":\"center-left\",\"show_content\":true,\"show_link\":true,\"show_meta\":true,\"show_thumbnail\":true,\"show_title\":false,\"slidenav\":\"\",\"slidenav_breakpoint\":\"s\",\"slidenav_margin\":\"medium\",\"slidenav_outside_breakpoint\":\"xl\",\"slideshow_animation\":\"fade\",\"slideshow_autoplay\":true,\"slideshow_autoplay_interval\":\"5\",\"slideshow_autoplay_pause\":true,\"slideshow_min_height\":\"100\",\"text_color\":\"light\",\"thumbnav_height\":\"75\",\"thumbnav_svg_color\":\"emphasis\",\"thumbnav_width\":\"100\",\"title_element\":\"h3\"},\"children\":[{\"type\":\"slideshow_item\",\"props\":{\"image\":\"wp-content\\\/uploads\\\/2023\\\/02\\\/otras.jpg\",\"title\":\"Workspace\"}}]}]},{\"type\":\"column\",\"props\":{\"image_position\":\"center-center\",\"position_sticky_breakpoint\":\"m\",\"vertical_align\":\"middle\",\"width_medium\":\"1-3\"},\"children\":[{\"type\":\"headline\",\"props\":{\"content\":\"Otros Servicios\",\"margin\":\"medium\",\"margin_remove_top\":true,\"text_align\":\"left\",\"text_align_breakpoint\":\"m\",\"text_align_fallback\":\"center\",\"title_element\":\"h3\",\"title_style\":\"h2\"}},{\"type\":\"text\",\"props\":{\"block_align\":\"center\",\"column_breakpoint\":\"m\",\"content\":\"\n\n<ul>\\n\n\n<li>Valoraci\\u00f3n de empresas<\\\/li>\\n\n\n<li>Actuaciones periciales<\\\/li>\\n\n\n<li>Presupuestos de tesorer\\u00eda<\\\/li>\\n\n\n<li>Informes de experto independiente<\\\/li>\\n\n\n<li>Asistencia para elaboraci\\u00f3n de CC.AA.<\\\/li>\\n\n\n<li>Investigaciones contables<\\\/li>\\n<\\\/ul>\",\"margin\":\"default\",\"maxwidth\":\"large\",\"maxwidth_breakpoint\":\"s\",\"text_align\":\"left\",\"text_align_breakpoint\":\"m\",\"text_align_fallback\":\"center\"}}]}]}]},{\"name\":\"contactoseccion\",\"type\":\"section\",\"props\":{\"animation_delay\":false,\"image_position\":\"center-center\",\"padding\":\"none\",\"style\":\"default\",\"title_breakpoint\":\"xl\",\"title_position\":\"top-left\",\"title_rotation\":\"left\",\"vertical_align\":\"middle\",\"width\":\"\"},\"children\":[{\"type\":\"row\",\"props\":{\"column_gap\":\"collapse\",\"layout\":\"1-2,1-2\",\"row_gap\":\"collapse\"},\"children\":[{\"type\":\"column\",\"props\":{\"image\":\"wp-content\\\/uploads\\\/home-contact-01.jpg\",\"image_position\":\"center-center\",\"image_size\":\"cover\",\"image_width\":\"780\",\"media_visibility\":\"s\",\"position_sticky_breakpoint\":\"m\",\"style\":\"tile-default\",\"width_small\":\"1-2\"}},{\"type\":\"column\",\"props\":{\"image\":\"wp-content\\\/uploads\\\/home-contact-02.jpg\",\"image_position\":\"center-center\",\"image_size\":\"cover\",\"image_width\":\"780\",\"media_background\":\"#2D3277\",\"media_blend_mode\":\"multiply\",\"media_overlay\":\"rgba(49, 153, 211, 0.75)\",\"padding\":\"large\",\"position_sticky_breakpoint\":\"m\",\"preserve_color\":false,\"style\":\"tile-default\",\"text_color\":\"light\",\"width_small\":\"1-2\"},\"children\":[{\"type\":\"headline\",\"props\":{\"block_align\":\"center\",\"content\":\"Cons\\u00faltanos\",\"maxwidth\":\"large\",\"text_align\":\"left\",\"title_element\":\"h2\"}},{\"type\":\"text\",\"props\":{\"block_align\":\"center\",\"column_breakpoint\":\"m\",\"content\":\"\n\n<h5>\\u00bfTe ayudamos?<br \\\/>Contacta con nosotros,<br \\\/>te atenderemos encantados.<\\\/h5>\",\"margin\":\"default\",\"margin_remove_bottom\":false,\"maxwidth\":\"large\"}},{\"type\":\"button\",\"props\":{\"block_align\":\"center\",\"grid_column_gap\":\"medium\",\"grid_row_gap\":\"medium\",\"margin\":\"large\",\"maxwidth\":\"large\"},\"children\":[{\"type\":\"button_item\",\"props\":{\"button_style\":\"primary\",\"content\":\"Escr\\u00edbenos\",\"icon_align\":\"left\",\"link\":\"index.php?page_id=216\"}},{\"type\":\"button_item\",\"props\":{\"button_style\":\"\",\"content\":\"+034 927 215 416\",\"icon_align\":\"left\",\"link\":\"tel:+034927215416\"}}]}]}]}]},{\"name\":\"contacto\",\"type\":\"section\",\"props\":{\"id\":\"contacto\",\"image_position\":\"center-center\",\"padding\":\"small\",\"padding_remove_bottom\":true,\"padding_remove_top\":true,\"style\":\"default\",\"title_breakpoint\":\"xl\",\"title_position\":\"top-left\",\"title_rotation\":\"left\",\"vertical_align\":\"middle\",\"width\":\"\"},\"children\":[{\"type\":\"row\",\"props\":{\"margin\":\"small\"},\"children\":[{\"type\":\"column\",\"props\":{\"image_position\":\"center-center\",\"position_sticky_breakpoint\":\"m\",\"width_medium\":\"1-1\"},\"children\":[{\"type\":\"map\",\"props\":{\"controls\":false,\"dragging\":false,\"height\":\"300\",\"image_svg_color\":\"emphasis\",\"link_style\":\"default\",\"link_text\":\"Read more\",\"margin\":\"default\",\"max_zoom\":18,\"meta_align\":\"below-title\",\"meta_element\":\"div\",\"meta_style\":\"text-meta\",\"min_zoom\":0,\"poi\":false,\"show_content\":true,\"show_image\":true,\"show_link\":true,\"show_meta\":true,\"show_title\":true,\"styler_lightness\":\"40\",\"styler_saturation\":-100,\"title_element\":\"h3\",\"title_hover_style\":\"reset\",\"type\":\"roadmap\",\"zoom\":\"17\",\"zooming\":false},\"children\":[{\"type\":\"map_item\",\"props\":{\"location\":\"39.4667,-6.3796\"}}]}]}]}]}],\"version\":\"4.0.4\"} --><\/p>\n","protected":false},"excerpt":{"rendered":"<p>Claros Carvajal Auditores La auditor\u00eda de cuentas es algo m\u00e1s que el cumplimiento de una obligaci\u00f3n La auditor\u00eda de cuentas es algo m\u00e1s que el cumplimiento de una obligaci\u00f3n regulada por la \u00a0legislaci\u00f3n mercantil. No s\u00f3lo facilita una evaluaci\u00f3n global y objetiva de los problemas de la empresa, sino que aporta una importante ayuda a [&hellip;]<\/p>\n","protected":false},"author":1,"featured_media":0,"parent":0,"menu_order":0,"comment_status":"closed","ping_status":"closed","template":"","meta":{"footnotes":""},"class_list":["post-7","page","type-page","status-publish","hentry"],"_links":{"self":[{"href":"https:\/\/www.claroscarvajal.es\/index.php?rest_route=\/wp\/v2\/pages\/7","targetHints":{"allow":["GET"]}}],"collection":[{"href":"https:\/\/www.claroscarvajal.es\/index.php?rest_route=\/wp\/v2\/pages"}],"about":[{"href":"https:\/\/www.claroscarvajal.es\/index.php?rest_route=\/wp\/v2\/types\/page"}],"author":[{"embeddable":true,"href":"https:\/\/www.claroscarvajal.es\/index.php?rest_route=\/wp\/v2\/users\/1"}],"replies":[{"embeddable":true,"href":"https:\/\/www.claroscarvajal.es\/index.php?rest_route=%2Fwp%2Fv2%2Fcomments&post=7"}],"version-history":[{"count":142,"href":"https:\/\/www.claroscarvajal.es\/index.php?rest_route=\/wp\/v2\/pages\/7\/revisions"}],"predecessor-version":[{"id":345,"href":"https:\/\/www.claroscarvajal.es\/index.php?rest_route=\/wp\/v2\/pages\/7\/revisions\/345"}],"wp:attachment":[{"href":"https:\/\/www.claroscarvajal.es\/index.php?rest_route=%2Fwp%2Fv2%2Fmedia&parent=7"}],"curies":[{"name":"wp","href":"https:\/\/api.w.org\/{rel}","templated":true}]}}